{"id":6,"date":"2012-09-26T15:15:12","date_gmt":"2012-09-26T13:15:12","guid":{"rendered":"https:\/\/www.affiliationsoftware.it\/blog\/?page_id=6"},"modified":"2017-09-20T12:48:33","modified_gmt":"2017-09-20T10:48:33","slug":"about","status":"publish","type":"page","link":"http:\/\/www.affiliationsoftware.it\/blog\/about\/","title":{"rendered":"Chi Siamo"},"content":{"rendered":"<p><strong>AffiliationSoftware Semplicit\u00e0 ed Efficacia!<\/strong><\/p>\n<p style=\"text-align: justify;\">IPELWEB \u00e8 una societ\u00e0 Svizzera regolarmente iscritta al\u00a0registro\u00a0di\u00a0commercio\u00a0che si occupa principalmente\u00a0di Web Marketing &amp; Web Advertising sin dal 2005.<\/p>\n<p style=\"text-align: justify;\">AffiliationSoftware \u00e8 un potente strumento di marketing che ti consente di generare maggiori profitti sul tuo\u00a0sito\u00a0grazie alla\u00a0pubblicit\u00e0\u00a0generata dagli utenti affiliati tramite la pubblicazione di banner &amp; link.<\/p>\n<p style=\"text-align: justify;\">AffiliationSoftware \u00e8 il programma di affiliazione numero uno in Italia, nasce nel 2008 e oggi vanta\u00a0centinaia di clienti soddisfatti in Italia e nel mondo!<\/p>\n<p style=\"text-align: justify;\">Grazie alla documentazione in italiano e ad un team dinamico ed\u00a0efficiente\u00a0sapremo assisterti tutte le fasi di\u00a0set-up\u00a0del tuo programma di\u00a0affiliazione\u00a024 ore su 24 e 7 giorni su 7!<\/p>\n<p style=\"text-align: justify;\">AffiliationSoftware nasce nel 2008 ma la nostra azienda si occupa di Web Marketing e Web\u00a0Advertising sin dal 2005. Nel 2011 viene rilasciata la popolare\u00a0versione 2.0, e nel 2014 la versione 2.9, la versione 3.0 \u00e8\u00a0attualmente in fase di sviluppo!<\/p>\n<p style=\"text-align: justify;\">AffiliationSoftware nasce per offrire a tutte le web agency la possibilit\u00e0 di crearsi un personale programma di affiliazione, adatto ad ogni esigenza, e sfruttare quindi un nuovo potente canale pubblicitario: l&#8217;Affiliate Marketing!<\/p>\n<p style=\"text-align: justify;\">AffiliationSfotware \u00e8 un marchio registrato della IPELWEB, web agency con sede legale in: Via Vellano &#8211; 6583 S.Antonio &#8211; Svizzera (regolarmente iscritta al registro di commercio).<\/p>\n<p style=\"text-align: justify;\">Grazie ad un team dinamico ed altamente qualificato sapremo assisterti in maniera ottimale per qualsiasi richiesta.<\/p>\n<p><strong>Contatti:<\/strong><\/p>\n<ul>\n<li>Email:\u00a0<a href=\"http:\/\/www.affiliationsoftware.com\/it\/contatti.php\"><strong>Modulo di contatto<\/strong><\/a><\/li>\n<li>Live-chat:\u00a0<a href=\"http:\/\/www.affiliationsoftware.com\/it\/contatti.php\">\u00a0<\/a><strong><a href=\"#\">Clicca qui<\/a><\/strong><\/li>\n<li>Telefono: Non disponibile in Italia<\/li>\n<\/ul>\n<p><strong>Ragione Sociale<\/strong><\/p>\n<p><strong>IPELWEB<br \/>\n<\/strong>di Ilario Pellandini<br \/>\nVia Vellano<br \/>\n6583 S. Antonio<br \/>\nSWITZERLAND<br \/>\nP. IVA: 752 370<\/p>\n<p><strong>Orari di Apertura<\/strong><\/p>\n<ul>\n<li>Lunedi: dalle 9h00 alle 16h00<\/li>\n<li>Martedi: dalle 9h00 alle 16h00<\/li>\n<li>Mercoledi: dalle 9h00 alle 16h00<\/li>\n<li>Giovedi: dalle 9h00 alle 16h00<\/li>\n<li>Venerdi: dalle 9h00 alle 16h00<\/li>\n<\/ul>\n<p><strong>Dove siamo<\/strong><br \/>\n<iframe loading=\"lazy\" src=\"http:\/\/maps.google.ch\/maps?hl=it&amp;georestrict=input_srcid:c383d254def820f3&amp;ie=UTF8&amp;view=map&amp;cid=5642874945730209926&amp;q=IPELWEB+di+Ilario+Pellandini&amp;hq=IPELWEB+di+Ilario+Pellandini&amp;hnear=&amp;t=h&amp;source=embed&amp;ll=46.169697,9.057852&amp;spn=0.003566,0.006866&amp;iwloc=A&amp;output=embed\" height=\"350\" width=\"425\" frameborder=\"0\" marginwidth=\"0\" marginheight=\"0\" scrolling=\"no\"><\/iframe><\/p>\n<p><strong><a href=\"http:\/\/www.affiliationsoftware.com\/it\">Torna alla homepage<\/a><\/strong><\/p>\n","protected":false},"excerpt":{"rendered":"<p>AffiliationSoftware Semplicit\u00e0 ed Efficacia! IPELWEB \u00e8 una societ\u00e0 Svizzera regolarmente iscritta al\u00a0registro\u00a0di\u00a0commercio\u00a0che si occupa principalmente\u00a0di Web Marketing &amp; Web Advertising sin dal 2005. AffiliationSoftware \u00e8 un potente strumento di marketing che ti consente di generare maggiori profitti sul tuo\u00a0sito\u00a0grazie alla\u00a0pubblicit\u00e0\u00a0generata &hellip; <a href=\"http:\/\/www.affiliationsoftware.it\/blog\/about\/\">Continua a leggere<span class=\"meta-nav\">&rarr;<\/span><\/a><\/p>\n","protected":false},"author":2,"featured_media":0,"parent":0,"menu_order":0,"comment_status":"closed","ping_status":"closed","template":"","meta":{"footnotes":""},"class_list":["post-6","page","type-page","status-publish","hentry"],"_links":{"self":[{"href":"http:\/\/www.affiliationsoftware.it\/blog\/wp-json\/wp\/v2\/pages\/6","targetHints":{"allow":["GET"]}}],"collection":[{"href":"http:\/\/www.affiliationsoftware.it\/blog\/wp-json\/wp\/v2\/pages"}],"about":[{"href":"http:\/\/www.affiliationsoftware.it\/blog\/wp-json\/wp\/v2\/types\/page"}],"author":[{"embeddable":true,"href":"http:\/\/www.affiliationsoftware.it\/blog\/wp-json\/wp\/v2\/users\/2"}],"replies":[{"embeddable":true,"href":"http:\/\/www.affiliationsoftware.it\/blog\/wp-json\/wp\/v2\/comments?post=6"}],"version-history":[{"count":0,"href":"http:\/\/www.affiliationsoftware.it\/blog\/wp-json\/wp\/v2\/pages\/6\/revisions"}],"wp:attachment":[{"href":"http:\/\/www.affiliationsoftware.it\/blog\/wp-json\/wp\/v2\/media?parent=6"}],"curies":[{"name":"wp","href":"https:\/\/api.w.org\/{rel}","templated":true}]}}